{"id":82,"date":"2026-02-08T08:10:40","date_gmt":"2026-02-08T08:10:40","guid":{"rendered":"https:\/\/bwp-maatwerk.be\/?page_id=82"},"modified":"2026-03-27T12:12:08","modified_gmt":"2026-03-27T12:12:08","slug":"team-2","status":"publish","type":"page","link":"https:\/\/bw-products.be\/?page_id=82","title":{"rendered":"Houtsoorten"},"content":{"rendered":"\n    \n    <section class=\"u-align-left u-clearfix u-container-align-left u-image u-section-2\" id=\"block-2\" data-image-width=\"1024\" data-image-height=\"1024\" style=\"background-image: url(&quot;https:\/\/bw-products.be\/wp-content\/uploads\/2026\/03\/PREGNEERDROODNOORSGRENEN-1.png&quot;);\">\n      <div class=\"u-clearfix u-sheet u-valign-middle u-sheet-1\">\n        <div class=\"u-container-style u-gradient u-group u-radius u-shape-round u-group-1\">\n          <div class=\"u-container-layout u-container-layout-1\">\n            <h3 class=\"u-align-center u-text u-text-default u-text-1\"><b>DRUKGE\u00cfMPREGNEERD ROOD NOORS GRENEN<\/b>\n            <\/h3>\n            <div class=\"fr-view u-clearfix u-rich-text u-text u-text-2\">\n              <ul id=\"isPasted\">\n                <li style=\"text-align: center;\">Duurzaamheidsklasse 2<\/li>\n                <li style=\"text-align: center;\">Het hout wordt preventief onder druk in een autoclaaf behandeld, waardoor een lichtgroene kleur bekomen wordt. Een andere kleur aanbrengen kan ook.&nbsp;<\/li>\n                <li style=\"text-align: center;\">Mits het hout onbeschadigd blijft, is een levensduur van 10 jaar of langer haalbaar.<\/li>\n              <\/ul>\n            <\/div>\n          <\/div>\n        <\/div>\n      <\/div>\n    <\/section>\n    <section class=\"u-align-left u-clearfix u-container-align-left u-image u-section-3\" data-image-width=\"1024\" data-image-height=\"1024\" id=\"block-3\" style=\"background-image: url(&quot;https:\/\/bw-products.be\/wp-content\/uploads\/2026\/03\/KASTANJE.png&quot;);\">\n      <div class=\"u-clearfix u-sheet u-valign-middle-lg u-valign-middle-md u-valign-middle-sm u-valign-middle-xs u-sheet-1\">\n        <div class=\"u-container-style u-gradient u-group u-radius u-shape-round u-group-1\">\n          <div class=\"u-container-layout u-container-layout-1\">\n            <h3 class=\"u-align-center u-text u-text-default u-text-1\"><b>KASTANJE<\/b>\n            <\/h3>\n            <div class=\"fr-view u-clearfix u-rich-text u-text u-text-2\">\n              <ul id=\"isPasted\">\n                <li id=\"isPasted\" style=\"text-align: center;\">Duurzaamheidsklasse 2<\/li>\n                <li style=\"text-align: center;\">Een duurzame loofhoutsoort die buiten&nbsp;onbehandeld mag gebruikt worden.<\/li>\n                <li style=\"text-align: center;\">De takken zijn grillig van vorm waardoor de poorten een natuurlijke uitstraling hebben.<\/li>\n              <\/ul>\n            <\/div>\n          <\/div>\n        <\/div>\n      <\/div>\n    <\/section>\n    <section class=\"u-align-left u-clearfix u-container-align-left u-image u-section-4\" data-image-width=\"1024\" data-image-height=\"1024\" id=\"block-4\" style=\"background-image: url(&quot;https:\/\/bw-products.be\/wp-content\/uploads\/2026\/03\/eik.png&quot;);\">\n      <div class=\"u-clearfix u-sheet u-valign-middle u-sheet-1\">\n        <div class=\"u-container-style u-gradient u-group u-radius u-shape-round u-group-1\">\n          <div class=\"u-container-layout u-container-layout-1\">\n            <h3 class=\"u-align-center u-text u-text-default u-text-1\">EIK<\/h3>\n            <div class=\"fr-view u-clearfix u-rich-text u-text u-text-2\">\n              <ul id=\"isPasted\">\n                <li id=\"isPasted\" style=\"text-align: center;\">Duurzaamheidsklasse 2<\/li>\n                <li style=\"text-align: center;\">E\u00e9n van onze duurzaamste inlandse houtsoorten.<\/li>\n                <li style=\"text-align: center;\">Zeer sterke en vrij stabiele houtsoort die&nbsp;uitsluitend gebruikt wordt voor poortpalen.<\/li>\n                <li style=\"text-align: center;\">Eik is een loofboom; barsten en knopen zijn dan ook normaal.<\/li>\n              <\/ul>\n            <\/div>\n          <\/div>\n        <\/div>\n      <\/div>\n    <\/section>\n    <section class=\"u-align-left u-clearfix u-container-align-left u-image u-section-5\" data-image-width=\"1024\" data-image-height=\"1024\" id=\"block-5\" style=\"background-image: url(&quot;https:\/\/bw-products.be\/wp-content\/uploads\/2026\/03\/robinia.png&quot;);\">\n      <div class=\"u-clearfix u-sheet u-valign-middle-lg u-valign-middle-md u-valign-middle-sm u-valign-middle-xs u-sheet-1\">\n        <div class=\"u-container-style u-gradient u-group u-radius u-shape-round u-group-1\">\n          <div class=\"u-container-layout u-container-layout-1\">\n            <h3 class=\"u-align-center u-text u-text-default u-text-1\"><b>ROBINIA<\/b>\n            <\/h3>\n            <div class=\"fr-view u-clearfix u-rich-text u-text u-text-2\">\n              <ul id=\"isPasted\">\n                <li id=\"isPasted\" style=\"text-align: center;\">Duurzaamheidsklasse 1 \u00e0 2<\/li>\n                <li style=\"text-align: center;\">De palen hebben de natuurlijke kromming van een&nbsp;boom.<\/li>\n                <li style=\"text-align: center;\">Vooral gebruikt als weidepaal en steunpaal, ook geschikt voor decoratie.<\/li>\n              <\/ul>\n            <\/div>\n          <\/div>\n        <\/div>\n      <\/div>\n    <\/section>\n    <section class=\"u-align-left u-clearfix u-container-align-left u-image u-section-6\" data-image-width=\"1024\" data-image-height=\"1024\" id=\"block-6\" style=\"background-image: url(&quot;https:\/\/bw-products.be\/wp-content\/uploads\/2026\/03\/ayous.png&quot;);\">\n      <div class=\"u-clearfix u-sheet u-valign-middle u-sheet-1\">\n        <div class=\"u-container-style u-gradient u-group u-radius u-shape-round u-group-1\">\n          <div class=\"u-container-layout u-container-layout-1\">\n            <h3 class=\"u-align-center u-text u-text-default u-text-1\"><b>THERMO-AYOUS<\/b>\n            <\/h3>\n            <div class=\"fr-view u-clearfix u-rich-text u-text u-text-2\">\n              <ul id=\"isPasted\">\n                <li id=\"isPasted\" style=\"text-align: center;\">Duurzaamheidsklasse 1 \u00e0 2<\/li>\n                <li style=\"text-align: center;\">Duurzame Afrikaanse houtsoort door hittebehandeling<\/li>\n                <li style=\"text-align: center;\">Tropisch zachthout zonder knopen die zich gemakkelijk laat bewerken.<\/li>\n              <\/ul>\n            <\/div>\n          <\/div>\n        <\/div>\n      <\/div>\n    <\/section>\n    <section class=\"u-align-left u-clearfix u-container-align-left u-image u-section-7\" data-image-width=\"1024\" data-image-height=\"1024\" id=\"block-7\" style=\"background-image: url(&quot;https:\/\/bw-products.be\/wp-content\/uploads\/2026\/03\/naaldhout-1.png&quot;);\">\n      <div class=\"u-clearfix u-sheet u-valign-middle u-sheet-1\">\n        <div class=\"u-container-style u-gradient u-group u-radius u-shape-round u-group-1\">\n          <div class=\"u-container-layout u-container-layout-1\">\n            <h3 class=\"u-align-center u-text u-text-default u-text-1\"><b>THERMO-NAALDHOUT<\/b>\n            <\/h3>\n            <div class=\"fr-view u-clearfix u-rich-text u-text u-text-2\">\n              <ul id=\"isPasted\">\n                <li id=\"isPasted\" style=\"text-align: center;\">Duurzaamheidsklasse 1 \u00e0 2 na thermische modificatie<\/li>\n                <li style=\"text-align: center;\">Afkomstig van duurzaam beheerde Noord\u00ad-Europese bossen<\/li>\n                <li style=\"text-align: center;\">Van nature is naaldhout niet duurzaam. Door hitte\u00adbehandeling daalt het vochtpercentage en wordt het hout vormstabiel en even duurzaam als tropisch hardhout.<\/li>\n              <\/ul>\n            <\/div>\n          <\/div>\n        <\/div>\n      <\/div>\n    <\/section>\n    <section class=\"u-align-left u-clearfix u-container-align-left u-image u-section-8\" data-image-width=\"1024\" data-image-height=\"1024\" id=\"block-8\" style=\"background-image: url(&quot;https:\/\/bw-products.be\/wp-content\/uploads\/2026\/03\/frake.png&quot;);\">\n      <div class=\"u-clearfix u-sheet u-valign-middle u-sheet-1\">\n        <div class=\"u-container-style u-gradient u-group u-radius u-shape-round u-group-1\">\n          <div class=\"u-container-layout u-container-layout-1\">\n            <h3 class=\"u-align-center u-text u-text-default u-text-1\"><b>THERMO-FRAK\u00c9<\/b><b>\n                <br><\/b>\n            <\/h3>\n            <div class=\"fr-view u-clearfix u-rich-text u-text u-text-2\">\n              <ul id=\"isPasted\">\n                <li id=\"isPasted\" style=\"text-align: center;\">Duurzaamheidsklasse 1 na thermische modificatie<\/li>\n                <li style=\"text-align: center;\">Frak\u00e9 heeft een iets oudere en robuuste look en zorgt voor&nbsp;een opvallende, duurzame en stijlvolle uitstraling.<\/li>\n                <li style=\"text-align: center;\">Ook bekend als Afrikaanse eik.<\/li>\n              <\/ul>\n            <\/div>\n          <\/div>\n        <\/div>\n      <\/div>\n    <\/section>\n    <section class=\"u-align-left u-clearfix u-container-align-left u-image u-section-9\" data-image-width=\"1024\" data-image-height=\"1024\" id=\"block-9\" style=\"background-image: url(&quot;https:\/\/bw-products.be\/wp-content\/uploads\/2026\/03\/azobe.png&quot;);\">\n      <div class=\"u-clearfix u-sheet u-valign-middle u-sheet-1\">\n        <div class=\"u-container-style u-gradient u-group u-radius u-shape-round u-group-1\">\n          <div class=\"u-container-layout u-container-layout-1\">\n            <h3 class=\"u-align-center u-text u-text-default u-text-1\"><b>AZOB\u00c9<\/b><b>\n                <br><\/b>\n            <\/h3>\n            <div class=\"fr-view u-clearfix u-rich-text u-text u-text-2\">\n              <ul id=\"isPasted\">\n                <li id=\"isPasted\" style=\"text-align: center;\">Duurzaamheidsklasse 1<\/li>\n                <li style=\"text-align: center;\">Uiterst sterke houtsoort, ideaal voor palen.<\/li>\n                <li style=\"text-align: center;\">Eens buiten gedroogd verschijnen er lichte&nbsp;dwarsscheurtjes die helemaal geen invloed&nbsp;hebben op de stabiliteit.<\/li>\n                <li style=\"text-align: center;\">Vergrijst zoals padouk.<\/li>\n              <\/ul>\n            <\/div>\n          <\/div>\n        <\/div>\n      <\/div>\n    <\/section>\n    <section class=\"u-align-left u-clearfix u-container-align-left u-image u-section-10\" data-image-width=\"1024\" data-image-height=\"1024\" id=\"block-10\" style=\"background-image: url(&quot;https:\/\/bw-products.be\/wp-content\/uploads\/2026\/03\/padouk.png&quot;);\">\n      <div class=\"u-clearfix u-sheet u-valign-middle u-sheet-1\">\n        <div class=\"u-container-style u-gradient u-group u-radius u-shape-round u-group-1\">\n          <div class=\"u-container-layout u-container-layout-1\">\n            <h3 class=\"u-align-center u-text u-text-default u-text-1\"><b>PADOUK<\/b><b>\n                <br><\/b>\n            <\/h3>\n            <div class=\"fr-view u-clearfix u-rich-text u-text u-text-2\">\n              <ul id=\"isPasted\">\n                <li id=\"isPasted\" style=\"text-align: center;\">Duurzaamheidsklasse 1<\/li>\n                <li style=\"text-align: center;\">Edele, uiterst duurzame houtsoort.<\/li>\n                <li style=\"text-align: center;\">Rode kleur bij levering die na enkele maanden&nbsp;zeer mooi vergrijst.<\/li>\n                <li style=\"text-align: center;\">Zeer vormvast doordat het hout droog aangeleverd wordt en daardoor ideaal voor het gebruik van terrassen en andere buitenconstructies met hoge eisen van uitzicht, sterkte en duurzaamheid.<\/li>\n              <\/ul>\n            <\/div>\n          <\/div>\n        <\/div>\n      <\/div>\n    <\/section>\n    <section class=\"u-align-left u-clearfix u-container-align-left u-image u-section-11\" data-image-width=\"1024\" data-image-height=\"1024\" id=\"block-11\" style=\"background-image: url(&quot;https:\/\/bw-products.be\/wp-content\/uploads\/2026\/03\/okan.png&quot;);\">\n      <div class=\"u-clearfix u-sheet u-valign-middle u-sheet-1\">\n        <div class=\"u-container-style u-gradient u-group u-radius u-shape-round u-group-1\">\n          <div class=\"u-container-layout u-container-layout-1\">\n            <h3 class=\"u-align-center u-text u-text-default u-text-1\"><b>OKAN<\/b><b>\n                <br><\/b>\n            <\/h3>\n            <div class=\"fr-view u-clearfix u-rich-text u-text u-text-2\">\n              <ul id=\"isPasted\">\n                <li id=\"isPasted\" style=\"text-align: center;\">Duurzaamheidsklasse 1<\/li>\n                <li style=\"text-align: center;\">Sterke maar vrij nerveuse houtsoort, ideaal voor&nbsp;buitentoepassingen.<\/li>\n                <li style=\"text-align: center;\">Door zeer langzaam te drogen en pas daarna te&nbsp;schaven worden de vervormingen in het hout&nbsp;opgevangen.<\/li>\n                <li style=\"text-align: center;\">Het hout heeft een mooie kleur met kleurschakeringen en na verloop van tijd vergrijst alles egaal.<\/li>\n              <\/ul>\n            <\/div>\n          <\/div>\n        <\/div>\n      <\/div>\n    <\/section>\n    <section class=\"u-align-left u-clearfix u-container-align-left u-image u-section-12\" data-image-width=\"1024\" data-image-height=\"1024\" id=\"block-12\" style=\"background-image: url(&quot;https:\/\/bw-products.be\/wp-content\/uploads\/2026\/03\/afrom.png&quot;);\">\n      <div class=\"u-clearfix u-sheet u-valign-middle u-sheet-1\">\n        <div class=\"u-container-style u-gradient u-group u-radius u-shape-round u-group-1\">\n          <div class=\"u-container-layout u-container-layout-1\">\n            <h3 class=\"u-align-center u-text u-text-default u-text-1\"><b><b>AFROMOSIA<\/b>OKAN<\/b><b>\n                <br><\/b>\n            <\/h3>\n            <div class=\"fr-view u-clearfix u-rich-text u-text u-text-2\">\n              <ul id=\"isPasted\">\n                <li id=\"isPasted\" style=\"text-align: center;\">Duurzaamheidsklasse 1<\/li>\n                <li style=\"text-align: center;\">Edele, uiterst duurzame houtsoort met een mooie&nbsp;goudbruine kleur.<\/li>\n                <li style=\"text-align: center;\">Zeer vormvast en daardoor ideaal voor het gebruik van buitenconstructies met hoge eisen van uitzicht, sterkte en duurzaamheid.<\/li>\n              <\/ul>\n            <\/div>\n          <\/div>\n        <\/div>\n      <\/div>\n    <\/section>\n    <section class=\"u-align-left u-clearfix u-container-align-left u-image u-section-13\" data-image-width=\"1024\" data-image-height=\"1024\" id=\"block-13\" style=\"background-image: url(&quot;https:\/\/bw-products.be\/wp-content\/uploads\/2026\/03\/muku.png&quot;);\">\n      <div class=\"u-clearfix u-sheet u-valign-middle u-sheet-1\">\n        <div class=\"u-container-style u-gradient u-group u-radius u-shape-round u-group-1\">\n          <div class=\"u-container-layout u-container-layout-1\">\n            <h3 class=\"u-align-center u-text u-text-default u-text-1\"><b>MUKULUNGU<\/b><b>\n                <br><\/b>\n            <\/h3>\n            <div class=\"fr-view u-clearfix u-rich-text u-text u-text-2\">\n              <ul id=\"isPasted\">\n                <li id=\"isPasted\" style=\"text-align: center;\">Duurzaamheidsklasse 1<\/li>\n                <li style=\"text-align: center;\">Z\u00e9\u00e9r duurzame harde Afrikaanse houtsoort met&nbsp;roodbruine kleur die na enkele maanden mooi vergrijst.<\/li>\n                <li style=\"text-align: center;\">Ideaal voor terrassen en andere buitentoepassingen.<\/li>\n                <li style=\"text-align: center;\">Geringe werking doordat het hout droog wordt aangeleverd.<\/li>\n              <\/ul>\n            <\/div>\n          <\/div>\n        <\/div>\n      <\/div>\n    <\/section>\n    <section class=\"u-align-left u-clearfix u-container-align-left u-image u-section-14\" data-image-width=\"1024\" data-image-height=\"1024\" id=\"block-14\" style=\"background-image: url(&quot;https:\/\/bw-products.be\/wp-content\/uploads\/2026\/03\/bang.png&quot;);\">\n      <div class=\"u-clearfix u-sheet u-valign-middle u-sheet-1\">\n        <div class=\"u-container-style u-gradient u-group u-radius u-shape-round u-group-1\">\n          <div class=\"u-container-layout u-container-layout-1\">\n            <h3 class=\"u-align-center u-text u-text-default u-text-1\"><b><b><\/b><\/b><b>BANGKIRAI<\/b><b>\n                <br><\/b>\n            <\/h3>\n            <div class=\"fr-view u-clearfix u-rich-text u-text u-text-2\">\n              <ul id=\"isPasted\">\n                <li id=\"isPasted\" style=\"text-align: center;\">Duurzaamheidsklasse 1 \u00e0 2, maar z\u00e9\u00e9r duurzaam<\/li>\n                <li style=\"text-align: center;\">De meest gebruikte houtsoort en\u2002\u00e9\u00e9n van de&nbsp;beste houtsoorten voor terrassen.<\/li>\n                <li style=\"text-align: center;\">Weinig splintervorming en middelmatig glad.<\/li>\n                <li style=\"text-align: center;\">Mooie zachtbruine kleur die langzaam vergrijst.<\/li>\n              <\/ul>\n            <\/div>\n          <\/div>\n        <\/div>\n      <\/div>\n    <\/section>\n    <section class=\"u-align-left u-clearfix u-container-align-left u-image u-section-15\" data-image-width=\"1024\" data-image-height=\"1024\" id=\"block-15\" style=\"background-image: url(&quot;https:\/\/bw-products.be\/wp-content\/uploads\/2026\/03\/ipe.png&quot;);\">\n      <div class=\"u-clearfix u-sheet u-valign-middle u-sheet-1\">\n        <div class=\"u-container-style u-gradient u-group u-radius u-shape-round u-group-1\">\n          <div class=\"u-container-layout u-container-layout-1\">\n            <h3 class=\"u-align-center u-text u-text-default u-text-1\"><b><b><\/b><\/b><b><b><b>IP\u00c9<\/b><\/b><\/b><b>\n                <br><\/b>\n            <\/h3>\n            <div class=\"fr-view u-clearfix u-rich-text u-text u-text-2\">\n              <ul id=\"isPasted\">\n                <li id=\"isPasted\" style=\"text-align: center;\">Duurzaamheidsklasse 1<\/li>\n                <li style=\"text-align: center;\">Duurzame hardhoutsoort met een vrij gelijkmatige structuur zonder uitgesproken tekening.<\/li>\n                <li style=\"text-align: center;\">Zeer harde en sterk, moeilijk splijtbaar en zeer elastisch; geschikt voor terrassen.<\/li>\n                <li style=\"text-align: center;\">Droogt langzaam waardoor er een geringe neiging tot vervormen en scheuren is.<\/li>\n              <\/ul>\n            <\/div>\n          <\/div>\n        <\/div>\n      <\/div>\n    <\/section>\n    \n    \n    \n    \n  \n","protected":false},"excerpt":{"rendered":"<p>DRUKGE\u00cfMPREGNEERD ROOD NOORS GRENEN Duurzaamheidsklasse 2 Het hout wordt preventief onder druk in een autoclaaf behandeld, waardoor een lichtgroene kleur bekomen wordt. Een andere kleur aanbrengen kan ook.&nbsp; Mits het hout onbeschadigd blijft, is een levensduur van 10 jaar of langer haalbaar. KASTANJE Duurzaamheidsklasse 2 Een duurzame loofhoutsoort die buiten&nbsp;onbehandeld mag gebruikt worden. De takken &hellip; <a href=\"https:\/\/bw-products.be\/?page_id=82\" class=\"more-link\">Continue reading<span class=\"screen-reader-text\"> &#8220;Houtsoorten&#8221;<\/span><\/a><\/p>\n","protected":false},"author":1,"featured_media":0,"parent":0,"menu_order":4,"comment_status":"closed","ping_status":"closed","template":"","meta":{"footnotes":""},"class_list":["post-82","page","type-page","status-publish","hentry"],"_links":{"self":[{"href":"https:\/\/bw-products.be\/index.php?rest_route=\/wp\/v2\/pages\/82","targetHints":{"allow":["GET"]}}],"collection":[{"href":"https:\/\/bw-products.be\/index.php?rest_route=\/wp\/v2\/pages"}],"about":[{"href":"https:\/\/bw-products.be\/index.php?rest_route=\/wp\/v2\/types\/page"}],"author":[{"embeddable":true,"href":"https:\/\/bw-products.be\/index.php?rest_route=\/wp\/v2\/users\/1"}],"replies":[{"embeddable":true,"href":"https:\/\/bw-products.be\/index.php?rest_route=%2Fwp%2Fv2%2Fcomments&post=82"}],"version-history":[{"count":3,"href":"https:\/\/bw-products.be\/index.php?rest_route=\/wp\/v2\/pages\/82\/revisions"}],"predecessor-version":[{"id":308,"href":"https:\/\/bw-products.be\/index.php?rest_route=\/wp\/v2\/pages\/82\/revisions\/308"}],"wp:attachment":[{"href":"https:\/\/bw-products.be\/index.php?rest_route=%2Fwp%2Fv2%2Fmedia&parent=82"}],"curies":[{"name":"wp","href":"https:\/\/api.w.org\/{rel}","templated":true}]}}